{"id":2,"date":"2019-05-03T14:57:16","date_gmt":"2019-05-03T14:57:16","guid":{"rendered":"https:\/\/www.drumminginwales.co.uk\/?page_id=2"},"modified":"2025-08-15T11:39:04","modified_gmt":"2025-08-15T10:39:04","slug":"about","status":"publish","type":"page","link":"https:\/\/www.drumminginwales.co.uk\/cy\/","title":{"rendered":"Hafan"},"content":{"rendered":"<div class=\"wp-block-group alignfull has-base-2-color has-contrast-2-background-color has-text-color has-background has-link-color wp-elements-d60739e3c1d7fd991a1fd448f6889641 has-global-padding is-layout-constrained wp-container-core-group-is-layout-aff63992 wp-block-group-is-layout-constrained\" style=\"margin-top:0;margin-bottom:0;padding-top:0;padding-right:var(--wp--preset--spacing--50);padding-bottom:0;padding-left:var(--wp--preset--spacing--50)\">\n<div style=\"height:50px\" aria-hidden=\"true\" class=\"wp-block-spacer\"><\/div>\n\n\n\n<h1 class=\"wp-block-heading has-text-align-center is-style-default has-base-2-color has-text-color has-link-color has-medium-font-size wp-elements-1c6fb2afe9c502e5cfdb6686476e02d5\" style=\"letter-spacing:1px;text-transform:uppercase\">Drymio yng Nghymru<\/h1>\n\n\n\n<p class=\"has-text-align-center has-x-large-font-size wp-container-content-0733e5d0\">Dod \u00e2 Phobl Ynghyd Trwy Gerddoriaeth, Dawns, a Chreadigrwydd<\/p>\n\n\n\n<p class=\"has-text-align-center has-heading-font-family has-large-font-size\" style=\"line-height:1.2\">Trwy ein gwaith mewn ysgolion, grwpiau a\u2019r gymuned ehangach rydym yn creu cyfleoedd dysgu rhyngweithiol sy\u2019n galluogi pobl o bob oed, cefndir a gallu i archwilio a mynegi eu hunain trwy gerddoriaeth a symud.<\/p>\n\n\n\n<div style=\"height:var(--wp--preset--spacing--40)\" aria-hidden=\"true\" class=\"wp-block-spacer\"><\/div>\n\n\n\n<figure class=\"wp-block-image alignfull size-full is-style-default\" style=\"margin-top:0px;margin-bottom:0px\"><img loading=\"lazy\" decoding=\"async\" width=\"2000\" height=\"1069\" src=\"https:\/\/www.drumminginwales.co.uk\/wp-content\/uploads\/2025\/08\/mangueira-bw-3.jpg\" alt=\"\" class=\"wp-image-449\" srcset=\"https:\/\/www.drumminginwales.co.uk\/wp-content\/uploads\/2025\/08\/mangueira-bw-3.jpg 2000w, https:\/\/www.drumminginwales.co.uk\/wp-content\/uploads\/2025\/08\/mangueira-bw-3-300x160.jpg 300w, https:\/\/www.drumminginwales.co.uk\/wp-content\/uploads\/2025\/08\/mangueira-bw-3-1024x547.jpg 1024w, https:\/\/www.drumminginwales.co.uk\/wp-content\/uploads\/2025\/08\/mangueira-bw-3-768x410.jpg 768w, https:\/\/www.drumminginwales.co.uk\/wp-content\/uploads\/2025\/08\/mangueira-bw-3-1536x821.jpg 1536w\" sizes=\"auto, (max-width: 2000px) 100vw, 2000px\" \/><figcaption class=\"wp-element-caption\"><strong>Gr\u00eamio Recreativo Escola de Samba Esta\u00e7\u00e3o Primeira de Mangueira<\/strong>, Rio de Janeiro \u2013 28\/11\/24<\/figcaption><\/figure>\n<\/div>\n\n\n\n<div class=\"wp-block-group alignfull has-contrast-color has-text-color has-link-color wp-elements-b30692c21a650c268b8e413f45d396e8 has-global-padding is-layout-constrained wp-container-core-group-is-layout-669513ed wp-block-group-is-layout-constrained\" style=\"margin-top:0;margin-bottom:0;padding-top:var(--wp--preset--spacing--50);padding-right:var(--wp--preset--spacing--50);padding-bottom:var(--wp--preset--spacing--50);padding-left:var(--wp--preset--spacing--50)\">\n<h1 class=\"wp-block-heading has-text-align-center is-style-default has-medium-font-size\" style=\"letter-spacing:1px;text-transform:uppercase\">Yr hyn a wnawn<\/h1>\n\n\n\n<div class=\"wp-block-columns alignwide is-layout-flex wp-container-core-columns-is-layout-06670bbc wp-block-columns-is-layout-flex\">\n<div class=\"wp-block-column is-layout-flow wp-block-column-is-layout-flow\" style=\"padding-top:var(--wp--preset--spacing--30);padding-right:var(--wp--preset--spacing--30);padding-bottom:var(--wp--preset--spacing--10);padding-left:var(--wp--preset--spacing--30)\">\n<figure class=\"wp-block-image size-large is-style-rounded is-style-rounded--7\"><img loading=\"lazy\" decoding=\"async\" width=\"1024\" height=\"768\" src=\"https:\/\/www.drumminginwales.co.uk\/wp-content\/uploads\/2025\/08\/rhuthun-iard-2-1024x768.jpg\" alt=\"\" class=\"wp-image-450\" style=\"aspect-ratio:4\/3;object-fit:cover\" srcset=\"https:\/\/www.drumminginwales.co.uk\/wp-content\/uploads\/2025\/08\/rhuthun-iard-2-1024x768.jpg 1024w, https:\/\/www.drumminginwales.co.uk\/wp-content\/uploads\/2025\/08\/rhuthun-iard-2-300x225.jpg 300w, https:\/\/www.drumminginwales.co.uk\/wp-content\/uploads\/2025\/08\/rhuthun-iard-2-768x576.jpg 768w, https:\/\/www.drumminginwales.co.uk\/wp-content\/uploads\/2025\/08\/rhuthun-iard-2.jpg 1500w\" sizes=\"auto, (max-width: 1024px) 100vw, 1024px\" \/><\/figure>\n\n\n\n<h3 class=\"wp-block-heading has-text-align-center\">Ysgolion ac Addysg<\/h3>\n\n\n\n<div class=\"wp-block-group is-vertical is-content-justification-stretch is-layout-flex wp-container-core-group-is-layout-353c4f5a wp-block-group-is-layout-flex\">\n<p class=\"has-text-align-center\">Cyflwyno prosiectau a gweithdai cerddoriaeth greadigol a symud mewn ysgolion am dros 20 mlynedd.<\/p>\n<\/div>\n\n\n\n<div class=\"wp-block-buttons is-content-justification-center is-layout-flex wp-container-core-buttons-is-layout-a89b3969 wp-block-buttons-is-layout-flex\">\n<div class=\"wp-block-button has-custom-width wp-block-button__width-100 is-style-fill\"><a class=\"wp-block-button__link has-contrast-2-background-color has-background wp-element-button\" href=\"https:\/\/www.drumminginwales.co.uk\/schools-education\/\">Ysgolion ac Addysg<\/a><\/div>\n<\/div>\n<\/div>\n\n\n\n<div class=\"wp-block-column is-layout-flow wp-block-column-is-layout-flow\" style=\"padding-top:var(--wp--preset--spacing--30);padding-right:var(--wp--preset--spacing--30);padding-bottom:var(--wp--preset--spacing--10);padding-left:var(--wp--preset--spacing--30)\">\n<figure class=\"wp-block-image size-full is-style-rounded is-style-rounded--8\"><img loading=\"lazy\" decoding=\"async\" width=\"1133\" height=\"1133\" src=\"https:\/\/www.drumminginwales.co.uk\/wp-content\/uploads\/2025\/04\/PCH-ffj-workshop-clwyd.jpg\" alt=\"\" class=\"wp-image-182\" style=\"aspect-ratio:4\/3;object-fit:cover\" srcset=\"https:\/\/www.drumminginwales.co.uk\/wp-content\/uploads\/2025\/04\/PCH-ffj-workshop-clwyd.jpg 1133w, https:\/\/www.drumminginwales.co.uk\/wp-content\/uploads\/2025\/04\/PCH-ffj-workshop-clwyd-300x300.jpg 300w, https:\/\/www.drumminginwales.co.uk\/wp-content\/uploads\/2025\/04\/PCH-ffj-workshop-clwyd-1024x1024.jpg 1024w, https:\/\/www.drumminginwales.co.uk\/wp-content\/uploads\/2025\/04\/PCH-ffj-workshop-clwyd-150x150.jpg 150w, https:\/\/www.drumminginwales.co.uk\/wp-content\/uploads\/2025\/04\/PCH-ffj-workshop-clwyd-768x768.jpg 768w\" sizes=\"auto, (max-width: 1133px) 100vw, 1133px\" \/><\/figure>\n\n\n\n<h3 class=\"wp-block-heading has-text-align-center\">Gweithdai a Phrosiectau<\/h3>\n\n\n\n<div class=\"wp-block-group is-vertical is-content-justification-stretch is-layout-flex wp-container-core-group-is-layout-353c4f5a wp-block-group-is-layout-flex\">\n<p class=\"has-text-align-center\">Adeiladu t\u00eem, grwpiau cymunedol, gwyliau, sesiynau lles, gweithdai drymio a hyfforddiant 121.<\/p>\n<\/div>\n\n\n\n<div class=\"wp-block-buttons is-content-justification-center is-layout-flex wp-container-core-buttons-is-layout-a89b3969 wp-block-buttons-is-layout-flex\">\n<div class=\"wp-block-button has-custom-width wp-block-button__width-100 is-style-fill\"><a class=\"wp-block-button__link has-contrast-2-background-color has-background wp-element-button\" href=\"https:\/\/www.drumminginwales.co.uk\/north-wales-drum-workshops\/\">Gweithdai a Phrosiectau<\/a><\/div>\n<\/div>\n<\/div>\n<\/div>\n<\/div>\n\n\n\n<div class=\"wp-block-group alignfull has-base-2-color has-contrast-2-background-color has-text-color has-background has-link-color wp-elements-d1f60f5ffe51026d6feba1e7e4e8b571 has-global-padding is-layout-constrained wp-container-core-group-is-layout-669513ed wp-block-group-is-layout-constrained\" style=\"margin-top:0;margin-bottom:0;padding-top:var(--wp--preset--spacing--50);padding-right:var(--wp--preset--spacing--50);padding-bottom:var(--wp--preset--spacing--50);padding-left:var(--wp--preset--spacing--50)\">\n<h1 class=\"wp-block-heading has-text-align-center is-style-default has-base-2-color has-text-color has-link-color has-medium-font-size wp-elements-33080a74d00e28c0aa29c98a8a2941a8\" style=\"letter-spacing:1px;text-transform:uppercase\">Ein Bandiau<\/h1>\n\n\n\n<div class=\"wp-block-columns alignwide is-layout-flex wp-container-core-columns-is-layout-06670bbc wp-block-columns-is-layout-flex\">\n<div class=\"wp-block-column is-layout-flow wp-block-column-is-layout-flow\" style=\"padding-top:var(--wp--preset--spacing--30);padding-right:var(--wp--preset--spacing--30);padding-bottom:var(--wp--preset--spacing--10);padding-left:var(--wp--preset--spacing--30)\">\n<figure class=\"wp-block-image size-large is-style-rounded is-style-rounded--9\"><img loading=\"lazy\" decoding=\"async\" width=\"1024\" height=\"1024\" src=\"https:\/\/www.drumminginwales.co.uk\/wp-content\/uploads\/2025\/04\/76ABA99F-5B3F-4BD2-91A6-92B1CA0975C6-1024x1024.jpg\" alt=\"\" class=\"wp-image-256\" style=\"aspect-ratio:1;object-fit:cover\" srcset=\"https:\/\/www.drumminginwales.co.uk\/wp-content\/uploads\/2025\/04\/76ABA99F-5B3F-4BD2-91A6-92B1CA0975C6-1024x1024.jpg 1024w, https:\/\/www.drumminginwales.co.uk\/wp-content\/uploads\/2025\/04\/76ABA99F-5B3F-4BD2-91A6-92B1CA0975C6-300x300.jpg 300w, https:\/\/www.drumminginwales.co.uk\/wp-content\/uploads\/2025\/04\/76ABA99F-5B3F-4BD2-91A6-92B1CA0975C6-150x150.jpg 150w, https:\/\/www.drumminginwales.co.uk\/wp-content\/uploads\/2025\/04\/76ABA99F-5B3F-4BD2-91A6-92B1CA0975C6-768x768.jpg 768w, https:\/\/www.drumminginwales.co.uk\/wp-content\/uploads\/2025\/04\/76ABA99F-5B3F-4BD2-91A6-92B1CA0975C6.jpg 1500w\" sizes=\"auto, (max-width: 1024px) 100vw, 1024px\" \/><\/figure>\n\n\n\n<h3 class=\"wp-block-heading has-text-align-center has-base-2-color has-text-color has-link-color wp-elements-9521a837c660ede6d79f320f357bb103\">Bloco S\u0175n<\/h3>\n\n\n\n<div class=\"wp-block-group is-vertical is-content-justification-stretch is-layout-flex wp-container-core-group-is-layout-353c4f5a wp-block-group-is-layout-flex\">\n<p class=\"has-text-align-center\">Band offerynnau taro Carnifal o Frasil gyda ffocws ar ennyn diddordeb plant mewn perfformiadau stryd bywiog ar draws Gogledd Cymru.<\/p>\n<\/div>\n\n\n\n<div class=\"wp-block-buttons is-content-justification-center is-layout-flex wp-container-core-buttons-is-layout-a89b3969 wp-block-buttons-is-layout-flex\">\n<div class=\"wp-block-button has-custom-width wp-block-button__width-100 is-style-fill\"><a class=\"wp-block-button__link has-contrast-color has-base-background-color has-text-color has-background has-link-color wp-element-button\" href=\"https:\/\/www.drumminginwales.co.uk\/bloco-swn-carnival-band\/\"><strong>Bloco S<\/strong>\u0175<strong>n<\/strong><\/a><\/div>\n<\/div>\n<\/div>\n\n\n\n<div class=\"wp-block-column is-layout-flow wp-block-column-is-layout-flow\" style=\"padding-top:var(--wp--preset--spacing--30);padding-right:var(--wp--preset--spacing--30);padding-bottom:var(--wp--preset--spacing--10);padding-left:var(--wp--preset--spacing--30)\">\n<figure class=\"wp-block-image size-full is-style-rounded is-style-rounded--10\"><img loading=\"lazy\" decoding=\"async\" width=\"1440\" height=\"1440\" src=\"https:\/\/www.drumminginwales.co.uk\/wp-content\/uploads\/2025\/04\/447BEDA1-D7CA-43AD-A748-93E9B0013E18.jpg\" alt=\"\" class=\"wp-image-237\" style=\"aspect-ratio:1;object-fit:cover\" srcset=\"https:\/\/www.drumminginwales.co.uk\/wp-content\/uploads\/2025\/04\/447BEDA1-D7CA-43AD-A748-93E9B0013E18.jpg 1440w, https:\/\/www.drumminginwales.co.uk\/wp-content\/uploads\/2025\/04\/447BEDA1-D7CA-43AD-A748-93E9B0013E18-300x300.jpg 300w, https:\/\/www.drumminginwales.co.uk\/wp-content\/uploads\/2025\/04\/447BEDA1-D7CA-43AD-A748-93E9B0013E18-1024x1024.jpg 1024w, https:\/\/www.drumminginwales.co.uk\/wp-content\/uploads\/2025\/04\/447BEDA1-D7CA-43AD-A748-93E9B0013E18-150x150.jpg 150w, https:\/\/www.drumminginwales.co.uk\/wp-content\/uploads\/2025\/04\/447BEDA1-D7CA-43AD-A748-93E9B0013E18-768x768.jpg 768w\" sizes=\"auto, (max-width: 1440px) 100vw, 1440px\" \/><\/figure>\n\n\n\n<h3 class=\"wp-block-heading has-text-align-center has-base-2-color has-text-color has-link-color wp-elements-2350c4c6296b36e1f9ebd712d64bc596\">Ffynci Jync<\/h3>\n\n\n\n<div class=\"wp-block-group is-vertical is-content-justification-stretch is-layout-flex wp-container-core-group-is-layout-353c4f5a wp-block-group-is-layout-flex\">\n<p class=\"has-text-align-center\">Perfformiadau proffesiynol a phecynnau gweithdy yn gwneud a defnyddio offerynnau wedi&#8217;u gwneud o eitemau cartref wedi&#8217;u taflu neu eu hailgylchu.<\/p>\n<\/div>\n\n\n\n<div class=\"wp-block-buttons is-content-justification-center is-layout-flex wp-container-core-buttons-is-layout-a89b3969 wp-block-buttons-is-layout-flex\">\n<div class=\"wp-block-button has-custom-width wp-block-button__width-100 is-style-fill\"><a class=\"wp-block-button__link has-contrast-color has-base-background-color has-text-color has-background has-link-color wp-element-button\" href=\"https:\/\/www.drumminginwales.co.uk\/bands\/ffynci-jync\/\">Ffynci Jync<\/a><\/div>\n<\/div>\n<\/div>\n\n\n\n<div class=\"wp-block-column is-layout-flow wp-block-column-is-layout-flow\" style=\"padding-top:var(--wp--preset--spacing--30);padding-right:var(--wp--preset--spacing--30);padding-bottom:var(--wp--preset--spacing--10);padding-left:var(--wp--preset--spacing--30)\">\n<figure class=\"wp-block-image size-full is-style-rounded is-style-rounded--11\"><img loading=\"lazy\" decoding=\"async\" width=\"2000\" height=\"1334\" src=\"https:\/\/www.drumminginwales.co.uk\/wp-content\/uploads\/2025\/08\/PC-shot-at-TOGY-2.jpg\" alt=\"\" class=\"wp-image-451\" style=\"aspect-ratio:1;object-fit:cover\" srcset=\"https:\/\/www.drumminginwales.co.uk\/wp-content\/uploads\/2025\/08\/PC-shot-at-TOGY-2.jpg 2000w, https:\/\/www.drumminginwales.co.uk\/wp-content\/uploads\/2025\/08\/PC-shot-at-TOGY-2-300x200.jpg 300w, https:\/\/www.drumminginwales.co.uk\/wp-content\/uploads\/2025\/08\/PC-shot-at-TOGY-2-1024x683.jpg 1024w, https:\/\/www.drumminginwales.co.uk\/wp-content\/uploads\/2025\/08\/PC-shot-at-TOGY-2-768x512.jpg 768w, https:\/\/www.drumminginwales.co.uk\/wp-content\/uploads\/2025\/08\/PC-shot-at-TOGY-2-1536x1025.jpg 1536w\" sizes=\"auto, (max-width: 2000px) 100vw, 2000px\" \/><\/figure>\n\n\n\n<h3 class=\"wp-block-heading has-text-align-center has-base-2-color has-text-color has-link-color wp-elements-c3b0c78bca6e2b9d93459b2d63b456b3\">Prosiect Ciwba<\/h3>\n\n\n\n<div class=\"wp-block-group is-vertical is-content-justification-stretch is-layout-flex wp-container-core-group-is-layout-353c4f5a wp-block-group-is-layout-flex\">\n<p class=\"has-text-align-center\">Prosiect cerddoriaeth gymunedol yn defnyddio drymio llaw traddodiadol a gwaith llais o Ciwba fel model ar gyfer lles.<\/p>\n<\/div>\n\n\n\n<div class=\"wp-block-buttons is-content-justification-center is-layout-flex wp-container-core-buttons-is-layout-a89b3969 wp-block-buttons-is-layout-flex\">\n<div class=\"wp-block-button has-custom-width wp-block-button__width-100 is-style-fill\"><a class=\"wp-block-button__link has-contrast-color has-base-background-color has-text-color has-background has-link-color wp-element-button\" href=\"https:\/\/www.drumminginwales.co.uk\/bands\/prosiect-ciwba\/\">Prosiect Ciwba<\/a><\/div>\n<\/div>\n<\/div>\n<\/div>\n<\/div>\n\n\n\n<div class=\"wp-block-group alignfull has-base-2-color has-contrast-background-color has-text-color has-background has-link-color wp-elements-3a565471770bc299c60a774c70a9a774 has-global-padding is-layout-constrained wp-container-core-group-is-layout-facafb6f wp-block-group-is-layout-constrained\" style=\"margin-top:0;margin-bottom:0;padding-top:var(--wp--preset--spacing--50);padding-right:var(--wp--preset--spacing--50);padding-bottom:var(--wp--preset--spacing--50);padding-left:var(--wp--preset--spacing--50)\">\n<div class=\"wp-block-columns alignwide is-layout-flex wp-container-core-columns-is-layout-a165a231 wp-block-columns-is-layout-flex\" style=\"padding-right:var(--wp--preset--spacing--40);padding-left:var(--wp--preset--spacing--40)\">\n<div class=\"wp-block-column is-vertically-aligned-stretch is-layout-flow wp-block-column-is-layout-flow\" style=\"padding-right:0;padding-left:0;flex-basis:60%\">\n<h2 class=\"wp-block-heading has-base-2-color has-text-color has-link-color has-large-font-size wp-elements-0b8676a7dbd58a3238b8330d351d34c8\">Camau Nesaf<\/h2>\n\n\n\n<p class=\"has-text-align-left has-heading-font-family has-large-font-size\" style=\"font-style:normal;font-weight:300;line-height:1.2\">Cysylltwch i siarad am yr hyn sydd ei angen arnoch.<\/p>\n\n\n\n<div class=\"wp-block-buttons is-layout-flex wp-block-buttons-is-layout-flex\">\n<div class=\"wp-block-button\"><a class=\"wp-block-button__link has-contrast-color has-base-background-color has-text-color has-background has-link-color wp-element-button\" href=\"https:\/\/www.drumminginwales.co.uk\/contact-us\/\">Cysylltwch \u00e2 ni<\/a><\/div>\n<\/div>\n\n\n\n<div class=\"wp-block-group is-vertical is-content-justification-stretch is-layout-flex wp-container-core-group-is-layout-ae24f51d wp-block-group-is-layout-flex\" style=\"min-height:100%\">\n<p class=\"has-medium-font-size\"><\/p>\n<\/div>\n<\/div>\n\n\n\n<div class=\"wp-block-column is-layout-flow wp-block-column-is-layout-flow\" style=\"padding-right:0;padding-left:0;flex-basis:40%\">\n<div class=\"wp-block-group has-global-padding is-layout-constrained wp-block-group-is-layout-constrained\">\n<figure class=\"wp-block-image size-full is-style-rounded is-style-rounded--12\"><img loading=\"lazy\" decoding=\"async\" width=\"1500\" height=\"1500\" src=\"https:\/\/www.drumminginwales.co.uk\/wp-content\/uploads\/2025\/08\/drums-school-2.jpg\" alt=\"\" class=\"wp-image-452\" srcset=\"https:\/\/www.drumminginwales.co.uk\/wp-content\/uploads\/2025\/08\/drums-school-2.jpg 1500w, https:\/\/www.drumminginwales.co.uk\/wp-content\/uploads\/2025\/08\/drums-school-2-300x300.jpg 300w, https:\/\/www.drumminginwales.co.uk\/wp-content\/uploads\/2025\/08\/drums-school-2-1024x1024.jpg 1024w, https:\/\/www.drumminginwales.co.uk\/wp-content\/uploads\/2025\/08\/drums-school-2-150x150.jpg 150w, https:\/\/www.drumminginwales.co.uk\/wp-content\/uploads\/2025\/08\/drums-school-2-768x768.jpg 768w\" sizes=\"auto, (max-width: 1500px) 100vw, 1500px\" \/><\/figure>\n<\/div>\n<\/div>\n<\/div>\n<\/div>","protected":false},"excerpt":{"rendered":"<p>Drymio yng Nghymru Dod \u00e2 Phobl Ynghyd Trwy Gerddoriaeth, Dawns, a Chreadigrwydd Trwy ein gwaith mewn ysgolion, grwpiau a\u2019r gymuned ehangach rydym yn creu cyfleoedd dysgu rhyngweithiol sy\u2019n galluogi pobl o bob oed, cefndir a gallu i archwilio a mynegi eu hunain trwy gerddoriaeth a symud. Yr hyn a wnawn Ysgolion ac Addysg Cyflwyno prosiectau [&hellip;]<\/p>\n","protected":false},"author":1,"featured_media":56,"parent":0,"menu_order":0,"comment_status":"closed","ping_status":"closed","template":"page-no-title","meta":{"footnotes":""},"class_list":["post-2","page","type-page","status-publish","has-post-thumbnail","hentry"],"_links":{"self":[{"href":"https:\/\/www.drumminginwales.co.uk\/cy\/wp-json\/wp\/v2\/pages\/2","targetHints":{"allow":["GET"]}}],"collection":[{"href":"https:\/\/www.drumminginwales.co.uk\/cy\/wp-json\/wp\/v2\/pages"}],"about":[{"href":"https:\/\/www.drumminginwales.co.uk\/cy\/wp-json\/wp\/v2\/types\/page"}],"author":[{"embeddable":true,"href":"https:\/\/www.drumminginwales.co.uk\/cy\/wp-json\/wp\/v2\/users\/1"}],"replies":[{"embeddable":true,"href":"https:\/\/www.drumminginwales.co.uk\/cy\/wp-json\/wp\/v2\/comments?post=2"}],"version-history":[{"count":20,"href":"https:\/\/www.drumminginwales.co.uk\/cy\/wp-json\/wp\/v2\/pages\/2\/revisions"}],"predecessor-version":[{"id":455,"href":"https:\/\/www.drumminginwales.co.uk\/cy\/wp-json\/wp\/v2\/pages\/2\/revisions\/455"}],"wp:featuredmedia":[{"embeddable":true,"href":"https:\/\/www.drumminginwales.co.uk\/cy\/wp-json\/wp\/v2\/media\/56"}],"wp:attachment":[{"href":"https:\/\/www.drumminginwales.co.uk\/cy\/wp-json\/wp\/v2\/media?parent=2"}],"curies":[{"name":"wp","href":"https:\/\/api.w.org\/{rel}","templated":true}]}}